{"id":273,"date":"2025-03-05T15:20:25","date_gmt":"2025-03-05T15:20:25","guid":{"rendered":"https:\/\/www.feel-haldensleben.de\/?page_id=273"},"modified":"2025-08-22T11:54:34","modified_gmt":"2025-08-22T11:54:34","slug":"kurse","status":"publish","type":"page","link":"https:\/\/www.feel-haldensleben.de\/index.php\/kurse\/","title":{"rendered":"Kurse"},"content":{"rendered":"<div class=\"brz brz-root__container brz-reset-all brz-root__container-page\" >\n<section id=\"a977a57194127fce2a2d_wSYhak_ftlsQ\" class=\"brz-section brz-css-hsha49 brz-css-1qsl8i5\">\n<div class=\"brz-section__content brz-section--boxed brz-css-1of4gjz brz-css-7k5z09\" data-brz-custom-id=\"uywVzjsaOxwP\">\n<div class=\"brz-container brz-css-jrjplh brz-css-1fxohq8\">\n<div class=\"brz-row__container brz-css-sblg9r brz-css-13xq6zr\" data-brz-custom-id=\"upI1n6FklR0h\">\n<div class=\"brz-row brz-css-1f1nd5v brz-css-yogyq6 brz-css-hfbbnq\">\n<div class=\"brz-columns brz-css-uohpxz brz-css-36j134\" data-brz-custom-id=\"gprRlUFq6P_S\">\n<div class=\"brz-column__items brz-css-m57ju2 brz-css-8g3arq\">\n<div id=\"\" class=\"brz-css-puv57z brz-css-q44dam brz-wrapper\">\n<div class=\"brz-image brz-css-14vy0jr brz-css-mqqfva\" data-brz-custom-id=\"yBPTkOvVDPeM\"><picture class=\"brz-picture brz-d-block brz-p-relative brz-css-16vzgcg brz-css-1ara8zp\"><source srcset=\"https:\/\/www.feel-haldensleben.de\/wp-content\/uploads\/2025\/01\/Feel_Schriftzug_Webseite.png 1x, https:\/\/www.feel-haldensleben.de\/wp-content\/uploads\/2025\/01\/Feel_Schriftzug_Webseite.png 2x\" media=\"(min-width: 992px)\"><source srcset=\"https:\/\/www.feel-haldensleben.de\/wp-content\/uploads\/2025\/01\/Feel_Schriftzug_Webseite.png 1x, https:\/\/www.feel-haldensleben.de\/wp-content\/uploads\/2025\/01\/Feel_Schriftzug_Webseite.png 2x\" media=\"(min-width: 768px)\"><img decoding=\"async\" class=\"brz-img\" srcset=\"https:\/\/www.feel-haldensleben.de\/wp-content\/uploads\/2025\/01\/Feel_Schriftzug_Webseite.png 1x, https:\/\/www.feel-haldensleben.de\/wp-content\/uploads\/2025\/01\/Feel_Schriftzug_Webseite.png 2x\" src=\"https:\/\/www.feel-haldensleben.de\/wp-content\/uploads\/2025\/01\/Feel_Schriftzug_Webseite.png\" alt=\"\" title=\"Feel_Schriftzug_Webseite\" draggable=\"false\" loading=\"lazy\"><\/picture><\/div>\n<\/div>\n<\/div>\n<\/div>\n<div class=\"brz-columns brz-css-uohpxz brz-css-1b3b29n\" data-brz-custom-id=\"tLsR7gWfBopZ\">\n<div class=\"brz-column__items brz-css-m57ju2 brz-css-11w9hp9\">\n<div id=\"\" class=\"brz-css-puv57z brz-css-1jnizew brz-wrapper\">\n<div class=\"brz-menu__container brz-css-1lz5owu brz-css-a2j23s\" data-mmenu-id=\"#w3xpS6ZT4hl1_6c0da00536e0822ed04e\" data-mmenu-position=\"position-right\" data-mmenu-title=\"Menu\" data-mmenu-stickytitle=\"on\" data-mmenu-isslider=\"false\" data-mmenu-closingicon=\"%7B%22desktop%22%3A%22off%22%2C%22tablet%22%3A%22off%22%2C%22mobile%22%3A%22off%22%7D\" data-brz-custom-id=\"w3xpS6ZT4hl1\">\n<nav data-mods=\"%7B%22desktop%22%3A%22horizontal%22%2C%22tablet%22%3A%22horizontal%22%2C%22mobile%22%3A%22horizontal%22%7D\" class=\"brz-menu brz-menu__preview brz-css-vrk9zl brz-css-1jc14v7\">\n<ul class=\"brz-menu__ul\" data-menu-items-active=\"\">\n<li data-menu-item-id=\"6e3c5aef8cda9808a815e150f434a3be\" class=\"brz-menu__item menu-item menu-item-type-post_type menu-item-object-page menu-item-home\"><a class=\"brz-a\" target=\"\" href=\"https:\/\/www.feel-haldensleben.de\/\" title=\"\"><span class=\"brz-span\">Startseite<\/span><\/a><\/li>\n<li data-menu-item-id=\"777ddcac1b4a632e99bf9832c6d4791b\" class=\"brz-menu__item menu-item menu-item-type-post_type menu-item-object-page\"><a class=\"brz-a\" target=\"\" href=\"https:\/\/www.feel-haldensleben.de\/index.php\/leistungen\/\" title=\"\"><span class=\"brz-span\">Leistungen<\/span><\/a><\/li>\n<li data-menu-item-id=\"44f15f67028f12b7ff6c77984d4be75e\" class=\"brz-menu__item menu-item menu-item-type-post_type menu-item-object-page current_page_parent\"><a class=\"brz-a\" target=\"\" href=\"https:\/\/www.feel-haldensleben.de\/index.php\/kontakt\/\" title=\"\"><span class=\"brz-span\">Kontakt<\/span><\/a><\/li>\n<li data-menu-item-id=\"ea0885efc123a5b07a6e6fa89fa201ee\" class=\"brz-menu__item menu-item menu-item-type-post_type menu-item-object-page\"><a class=\"brz-a\" target=\"\" href=\"https:\/\/www.feel-haldensleben.de\/index.php\/kurse\/\" title=\"\"><span class=\"brz-span\">Kurse<\/span><\/a><\/li>\n<li data-menu-item-id=\"fd77887c02a060386d4e0e4bf68b9107\" class=\"brz-menu__item menu-item menu-item-type-post_type menu-item-object-page\"><a class=\"brz-a\" target=\"\" href=\"https:\/\/www.feel-haldensleben.de\/index.php\/gutscheine\/\" title=\"\"><span class=\"brz-span\">Gutscheine<\/span><\/a><\/li>\n<\/ul>\n<\/nav>\n<div class=\"brz-mm-menu__icon\"><svg class=\"brz-icon-svg align-[initial]\"><use href=\"\/wp-content\/plugins\/brizy\/public\/editor-build\/prod\/editor\/icons\/editor\/menu-3.svg#brz_icon\"><\/use><\/svg><\/div>\n<nav data-mods=\"%7B%22desktop%22%3A%22horizontal%22%2C%22tablet%22%3A%22horizontal%22%2C%22mobile%22%3A%22horizontal%22%7D\" id=\"w3xpS6ZT4hl1_6c0da00536e0822ed04e\" class=\"brz-menu brz-menu__preview brz-menu__mmenu brz-css-1h5fa14 brz-css-1azocvp\">\n<ul class=\"brz-menu__ul\" data-menu-items-active=\"\">\n<li data-menu-item-id=\"6e3c5aef8cda9808a815e150f434a3be\" class=\"brz-menu__item menu-item menu-item-type-post_type menu-item-object-page menu-item-home\"><a class=\"brz-a\" target=\"\" href=\"https:\/\/www.feel-haldensleben.de\/\" title=\"\"><span class=\"brz-span\">Startseite<\/span><\/a><\/li>\n<li data-menu-item-id=\"777ddcac1b4a632e99bf9832c6d4791b\" class=\"brz-menu__item menu-item menu-item-type-post_type menu-item-object-page\"><a class=\"brz-a\" target=\"\" href=\"https:\/\/www.feel-haldensleben.de\/index.php\/leistungen\/\" title=\"\"><span class=\"brz-span\">Leistungen<\/span><\/a><\/li>\n<li data-menu-item-id=\"44f15f67028f12b7ff6c77984d4be75e\" class=\"brz-menu__item menu-item menu-item-type-post_type menu-item-object-page current_page_parent\"><a class=\"brz-a\" target=\"\" href=\"https:\/\/www.feel-haldensleben.de\/index.php\/kontakt\/\" title=\"\"><span class=\"brz-span\">Kontakt<\/span><\/a><\/li>\n<li data-menu-item-id=\"ea0885efc123a5b07a6e6fa89fa201ee\" class=\"brz-menu__item menu-item menu-item-type-post_type menu-item-object-page\"><a class=\"brz-a\" target=\"\" href=\"https:\/\/www.feel-haldensleben.de\/index.php\/kurse\/\" title=\"\"><span class=\"brz-span\">Kurse<\/span><\/a><\/li>\n<li data-menu-item-id=\"fd77887c02a060386d4e0e4bf68b9107\" class=\"brz-menu__item menu-item menu-item-type-post_type menu-item-object-page\"><a class=\"brz-a\" target=\"\" href=\"https:\/\/www.feel-haldensleben.de\/index.php\/gutscheine\/\" title=\"\"><span class=\"brz-span\">Gutscheine<\/span><\/a><\/li>\n<\/ul>\n<\/nav>\n<\/div>\n<\/div>\n<\/div>\n<\/div>\n<\/div>\n<\/div>\n<\/div>\n<\/div>\n<\/section>\n<section id=\"ed94b2a126772a267b05_fv5HHv9W_Dv3\" class=\"brz-section brz-css-jjr0n brz-css-1t8o6rw\">\n<div class=\"brz-section__content brz-section--boxed brz-css-1cg67id brz-css-oryjap\" data-brz-custom-id=\"zzldyrZmcs4o\">\n<div class=\"brz-bg\">\n<div class=\"brz-bg-image\"><\/div>\n<div class=\"brz-bg-color\"><\/div>\n<\/div>\n<div class=\"brz-container brz-css-338blx brz-css-1fph198\">\n<div id=\"\" class=\"brz-css-lcz0rd brz-css-19nmvpp brz-wrapper\">\n<div class=\"brz-rich-text brz-rich-text__custom brz-css-1mbh5j3 brz-css-k4nnpz\" data-brz-custom-id=\"udSEvCxjprzR\">\n<div data-brz-translate-text=\"1\">\n<p class=\"brz-text-lg-center brz-tp-lg-empty brz-ff-playfair_display brz-ft-google brz-fs-lg-80 brz-fss-lg-px brz-fw-lg-400 brz-ls-lg-m_1_5 brz-lh-lg-1_3 brz-vfw-lg-400 brz-fwdth-lg-100 brz-fsft-lg-0 brz-css-dqHGp\" data-generated-css=\"brz-css-w8NP8\" data-uniq-id=\"x5B6S\"><strong class=\"brz-bold-true\">Kurse<\/strong><\/p>\n<\/div>\n<\/div>\n<\/div>\n<\/div>\n<\/div>\n<\/section>\n<section id=\"a5fe7790354fda3cf52b_wb8v58m06JrB\" class=\"brz-section brz-css-1d9qkzp brz-css-1imtocl\">\n<div class=\"brz-section__content brz-section--boxed brz-css-1v2gex7 brz-css-1ujxb17\" data-brz-custom-id=\"hchYeP21i1zo\">\n<div class=\"brz-container brz-css-1y10o0d brz-css-11dm3bz\">\n<div class=\"brz-row__container brz-css-lgy91q brz-css-1nbf4yu\" data-brz-custom-id=\"wfTFv6_DcpUh\">\n<div class=\"brz-row brz-css-1tdixui brz-css-573nie brz-css-fnj0tm\">\n<div class=\"brz-columns brz-css-v287sd brz-css-zgbi6v\" data-brz-custom-id=\"ns6dW0Jq8TCL\">\n<div class=\"brz-column__items brz-css-10hjxls brz-css-1fh2pp1\">\n<div id=\"\" data-brz-iteration-count=\"1\" class=\"brz-css-15hugav brz-css-tbgtx4 brz-wrapper brz-animated brz-css-m510kg brz-css-1gprx5z\" data-animationid=\"bFCEkNn0fTpd\">\n<div class=\"brz-image brz-css-qqqp3q brz-css-otdq26\" data-brz-custom-id=\"cGaMH_svq5a_\"><picture class=\"brz-picture brz-d-block brz-p-relative brz-css-17w1mm0 brz-css-1ua9zcz\"><source srcset=\"https:\/\/www.feel-haldensleben.de\/wp-content\/uploads\/2025\/08\/7P2A7922-scaled.jpg 1x, https:\/\/www.feel-haldensleben.de\/wp-content\/uploads\/2025\/08\/7P2A7922-scaled.jpg 2x\" media=\"(min-width: 992px)\"><source srcset=\"https:\/\/www.feel-haldensleben.de\/wp-content\/uploads\/2025\/08\/7P2A7922-scaled.jpg 1x, https:\/\/www.feel-haldensleben.de\/wp-content\/uploads\/2025\/08\/7P2A7922-scaled.jpg 2x\" media=\"(min-width: 768px)\"><img decoding=\"async\" class=\"brz-img\" srcset=\"https:\/\/www.feel-haldensleben.de\/wp-content\/uploads\/2025\/08\/7P2A7922-scaled.jpg 1x, https:\/\/www.feel-haldensleben.de\/wp-content\/uploads\/2025\/08\/7P2A7922-scaled.jpg 2x\" src=\"https:\/\/www.feel-haldensleben.de\/wp-content\/uploads\/2025\/08\/7P2A7922-scaled.jpg\" alt=\"\" title=\"7P2A7922\" draggable=\"false\" loading=\"lazy\"><\/picture><\/div>\n<\/div>\n<\/div>\n<\/div>\n<div class=\"brz-columns brz-css-v287sd brz-css-moik6w\" data-brz-custom-id=\"zgmxnWUO3lEt\">\n<div class=\"brz-column__items brz-css-10hjxls brz-css-13sg0qe\">\n<div id=\"\" data-brz-iteration-count=\"1\" class=\"brz-css-15hugav brz-css-11ehspw brz-wrapper brz-animated brz-css-m510kg brz-css-1rlpm7b\" data-animationid=\"ncXgFpP8U3oy\">\n<div class=\"brz-rich-text brz-rich-text__custom brz-css-1kt2wg4 brz-css-loipw8\" data-brz-custom-id=\"fIB9kVXv4tTX\">\n<div data-brz-translate-text=\"1\">\n<p data-uniq-id=\"uHwlK\" data-generated-css=\"brz-css-brP17\" class=\"brz-fss-lg-px brz-fw-lg-700 brz-ls-lg-m_1_5 brz-lh-lg-1_4 brz-vfw-lg-400 brz-fwdth-lg-100 brz-fsft-lg-0 brz-tp-lg-empty brz-ff-overpass brz-ft-google brz-fs-lg-42 brz-css-xuTGL\">Feel Strong<\/p>\n<p data-uniq-id=\"xBziF\" data-generated-css=\"brz-css-iEigI\" class=\"brz-tp-lg-empty brz-ff-overpass brz-ft-google brz-fs-lg-20 brz-fss-lg-px brz-fw-lg-700 brz-ls-lg-m_1_5 brz-lh-lg-1_4 brz-vfw-lg-400 brz-fwdth-lg-100 brz-fsft-lg-0 brz-css-wPSqC\">Beckenbodenkurs &#8211; Endecke die Kraft deiner K\u00f6rpermitte! <\/p>\n<\/div>\n<\/div>\n<\/div>\n<div id=\"\" class=\"brz-css-15hugav brz-css-wmq2mr brz-css-12a3juh brz-wrapper\">\n<div class=\"brz-spacer brz-css-1idi3z1 brz-css-10mmse8\"><\/div>\n<\/div>\n<div id=\"\" data-brz-iteration-count=\"1\" class=\"brz-css-15hugav brz-css-1gf7t4y brz-wrapper brz-animated brz-css-m510kg brz-css-1m2eib6\" data-animationid=\"gktHM6fmGy9L\">\n<div class=\"brz-rich-text brz-rich-text__custom brz-css-1kt2wg4 brz-css-1dtzndu\" data-brz-custom-id=\"fZzaz7FaAYKj\">\n<div data-brz-translate-text=\"1\">\n<p class=\"brz-tp-lg-paragraph brz-css-pVXY7\" data-generated-css=\"brz-css-bOOCq\" data-uniq-id=\"kKvft\">In diesem Kurs k\u00fcmmern wir uns um Muskeln, die w\u00e4hrend der Schwangerschaft und Geburt \u00dcberw\u00e4ltigendes geleistet haben.<\/p>\n<p data-generated-css=\"brz-css-bOOCq\" data-uniq-id=\"kKvft\" class=\"brz-tp-lg-paragraph brz-css-iSj3R\">\n<p class=\"brz-tp-lg-paragraph brz-css-pwW7u\" data-generated-css=\"brz-css-bOOCq\" data-uniq-id=\"kKvft\">Der Beckenboden, eingebettet in Bauch- &amp; R\u00fcckenmuskeln, geh\u00f6rt zur zentralen \u00dcbungseinheit.<\/p>\n<p data-generated-css=\"brz-css-bOOCq\" data-uniq-id=\"kKvft\" class=\"brz-tp-lg-paragraph brz-css-qq7EV\">Sanfte Bewegungen, kombiniert mit Kr\u00e4ftigungs- &amp; Atem\u00fcbungen, f\u00f6rdern das k\u00f6rperliche Gleichgewicht. <\/p>\n<\/div>\n<\/div>\n<\/div>\n<div id=\"\" class=\"brz-css-15hugav brz-css-wmq2mr brz-css-3gprpa brz-wrapper\">\n<div class=\"brz-spacer brz-css-1idi3z1 brz-css-qld8sj\"><\/div>\n<\/div>\n<div id=\"\" class=\"brz-css-15hugav brz-css-itvxa0 brz-wrapper\">\n<div class=\"brz-icon-text brz-css-uptz55 brz-css-f8mcdj\" data-brz-custom-id=\"nwGDEZDyI29r\">\n<div class=\"brz-icon__container\" data-brz-custom-id=\"auxmp6Mq21ZC\"><span class=\"brz-icon brz-span brz-css-q4dw7 brz-css-1f11rdo\"><svg class=\"brz-icon-svg align-[initial]\"><use href=\"\/wp-content\/plugins\/brizy\/public\/editor-build\/prod\/editor\/icons\/glyph\/check-simple.svg#nc_icon\"><\/use><\/svg><\/span><\/div>\n<div class=\"brz-text-btn\">\n<div class=\"brz-rich-text brz-rich-text__custom brz-css-1kt2wg4 brz-css-8klkhs\" data-brz-custom-id=\"lX1yfAVDnpuz\">\n<div data-brz-translate-text=\"1\">\n<p class=\"brz-lh-lg-1_4 brz-ls-lg-0 brz-fw-lg-500 brz-fss-lg-px brz-fs-lg-18 brz-ft-google brz-ff-dm_sans brz-tp-lg-empty brz-css-rqN0f\" data-uniq-id=\"kwy4p\" data-generated-css=\"brz-css-opfxn\">Ein Kurs, der zur inneren Ruhe f\u00fchrt!<\/p>\n<\/div>\n<\/div>\n<\/div>\n<\/div>\n<\/div>\n<div id=\"\" class=\"brz-css-15hugav brz-css-194kklb brz-wrapper\">\n<div class=\"brz-icon-text brz-css-uptz55 brz-css-h9hm9n\" data-brz-custom-id=\"xu41K2zCzUYa\">\n<div class=\"brz-icon__container\" data-brz-custom-id=\"fvevX3YLPXV9\"><span class=\"brz-icon brz-span brz-css-q4dw7 brz-css-1kka9yd\"><svg class=\"brz-icon-svg align-[initial]\"><use href=\"\/wp-content\/plugins\/brizy\/public\/editor-build\/prod\/editor\/icons\/glyph\/calendar-grid-58.svg#nc_icon\"><\/use><\/svg><\/span><\/div>\n<div class=\"brz-text-btn\">\n<div class=\"brz-rich-text brz-rich-text__custom brz-css-1kt2wg4 brz-css-1mamiz\" data-brz-custom-id=\"eR1ZlO1VN7y9\">\n<div data-brz-translate-text=\"1\">\n<p class=\"brz-tp-lg-empty brz-ff-dm_sans brz-ft-google brz-fs-lg-18 brz-fss-lg-px brz-fw-lg-500 brz-ls-lg-0 brz-lh-lg-1_4 brz-css-xP1wH\" data-generated-css=\"brz-css-qcP6i\" data-uniq-id=\"hCCGN\">Kursbeginn: 18.09.2025<\/p>\n<p class=\"brz-tp-lg-empty brz-ff-dm_sans brz-ft-google brz-fs-lg-18 brz-fss-lg-px brz-fw-lg-500 brz-ls-lg-0 brz-lh-lg-1_4 brz-css-av0th\" data-generated-css=\"brz-css-libmh\" data-uniq-id=\"bGc2G\">17:30 Uhr &#8211; 18:30 Uhr<\/p>\n<\/div>\n<\/div>\n<\/div>\n<\/div>\n<\/div>\n<div id=\"\" class=\"brz-css-15hugav brz-css-npb4kl brz-wrapper\">\n<div class=\"brz-icon-text brz-css-uptz55 brz-css-18p67tj\" data-brz-custom-id=\"yM0Sv4_sbgzf\">\n<div class=\"brz-icon__container\" data-brz-custom-id=\"iRzAkXYPNJGo\"><span class=\"brz-icon brz-span brz-css-q4dw7 brz-css-39a9m4\"><svg class=\"brz-icon-svg align-[initial]\"><use href=\"\/wp-content\/plugins\/brizy\/public\/editor-build\/prod\/editor\/icons\/glyph\/round-euro.svg#nc_icon\"><\/use><\/svg><\/span><\/div>\n<div class=\"brz-text-btn\">\n<div class=\"brz-rich-text brz-rich-text__custom brz-css-1kt2wg4 brz-css-cl2d1a\" data-brz-custom-id=\"q0KffPRBoGsB\">\n<div data-brz-translate-text=\"1\">\n<p class=\"brz-lh-lg-1_4 brz-ls-lg-0 brz-fw-lg-500 brz-fss-lg-px brz-fs-lg-18 brz-ft-google brz-ff-dm_sans brz-tp-lg-empty brz-css-izNd3\" data-uniq-id=\"uAvFi\" data-generated-css=\"brz-css-dnAAy\">10 Einheiten, immer Donnerstags<\/p>\n<p class=\"brz-lh-lg-1_4 brz-ls-lg-0 brz-fw-lg-500 brz-fss-lg-px brz-fs-lg-18 brz-ft-google brz-ff-dm_sans brz-tp-lg-empty brz-css-rtmpI\" data-uniq-id=\"iDOMR\" data-generated-css=\"brz-css-oVhgz\">Kosten: 150,00\u20ac<\/p>\n<\/div>\n<\/div>\n<\/div>\n<\/div>\n<\/div>\n<div id=\"\" class=\"brz-css-15hugav brz-css-wmq2mr brz-css-197fw9n brz-wrapper\">\n<div class=\"brz-spacer brz-css-1idi3z1 brz-css-19s1svi\"><\/div>\n<\/div>\n<div class=\"brz-wrapper-clone brz-flex-xs-wrap brz-css-50wg8 brz-css-13wom4\" data-brz-custom-id=\"u7DmIxwbvgWt\"><a class=\"brz-a brz-btn brz-css-1ooakkg brz-css-1ivp2i5 brz-css-17sja0c brz-css-1f5aq6r\" href=\"https:\/\/www.feel-haldensleben.de\/index.php\/kontakt\/\" target=\"_self\" rel=\"noopener\" data-brz-link-type=\"page\" data-brz-custom-id=\"zM5OQq0D5Qs8\"><span data-brz-translate-text=\"1\" class=\"brz-span brz-text__editor\">Termin vereinbaren<\/span><\/a><\/div>\n<\/div>\n<\/div>\n<\/div>\n<\/div>\n<\/div>\n<\/div>\n<\/section>\n<section id=\"258910bb27db857e3b3d_uWVrpY85ImIL\" class=\"brz-section brz-css-1phc0vi brz-css-11imgy0\">\n<div class=\"brz-section__content brz-section--boxed brz-css-6poxxx brz-css-hu3pzi\" data-brz-custom-id=\"q9nKuCejdFxQ\">\n<div class=\"brz-container brz-css-a3grkm brz-css-gjp870\">\n<div class=\"brz-row__container brz-css-yppsnv brz-css-2l7ujc\" data-brz-custom-id=\"xJQEMDOUZuAU\">\n<div class=\"brz-row brz-css-kp48xw brz-css-f1i3o5 brz-css-y5qi0b\">\n<div class=\"brz-columns brz-css-1ktumjr brz-css-k3vmin\" data-brz-custom-id=\"j9H6wElHkiTm\">\n<div class=\"brz-column__items brz-css-1kojtft brz-css-96invz\">\n<div id=\"\" class=\"brz-css-19pajo7 brz-css-i1tenz brz-wrapper\">\n<div class=\"brz-rich-text brz-rich-text__custom brz-css-v9gl4k brz-css-owvk49\" data-brz-custom-id=\"lJvi2gnPZ1k4\">\n<div data-brz-translate-text=\"1\">\n<p class=\"brz-tp-lg-heading3 brz-css-akFhv\" data-uniq-id=\"dvM3K\" data-generated-css=\"brz-css-s1sWt\">Sammolahari<\/p>\n<\/div>\n<\/div>\n<\/div>\n<div id=\"\" class=\"brz-css-19pajo7 brz-css-1sisb4 brz-css-1pip4j1 brz-wrapper\">\n<div class=\"brz-spacer brz-css-11qf3mi brz-css-md16n\"><\/div>\n<\/div>\n<div id=\"\" class=\"brz-css-19pajo7 brz-css-pn3qz brz-wrapper\">\n<div class=\"brz-rich-text brz-rich-text__custom brz-css-v9gl4k brz-css-19cx2m0\" data-brz-custom-id=\"p35dxosWrUx2\">\n<div data-brz-translate-text=\"1\">\n<p class=\"brz-tp-lg-paragraph brz-css-jxa1G\" data-uniq-id=\"nQelb\" data-generated-css=\"brz-css-t5X50\">Eine faszinierende alte Tradition trifft auf moderne Body &amp; Mind Bewegungsans\u00e4tze.<\/p>\n<p class=\"brz-tp-lg-paragraph brz-css-hR3qw\" data-uniq-id=\"mik1y\" data-generated-css=\"brz-css-pjYN7\"><\/p>\n<p class=\"brz-tp-lg-paragraph brz-css-v15Hq\" data-uniq-id=\"d7POt\" data-generated-css=\"brz-css-ccuTN\">Weiche, dynamische &amp; flie\u00dfende Wellenbewegungen versorgen den ganzen K\u00f6rper mit neuer Power &amp; Energie.<\/p>\n<p class=\"brz-tp-lg-paragraph brz-css-wkugt\" data-uniq-id=\"d7POt\" data-generated-css=\"brz-css-ccuTN\">\n<p class=\"brz-tp-lg-paragraph brz-css-eL6RP\" data-uniq-id=\"d7POt\" data-generated-css=\"brz-css-ccuTN\">Dank optimal abgestimmter Mobilisationsflows, in denen Kraft &amp; Release Momente  harmonisch miteinander vereint werden, wird der physische K\u00f6rper mit allem versorgt, was ihm guttut. <\/p>\n<\/div>\n<\/div>\n<\/div>\n<div id=\"\" class=\"brz-css-19pajo7 brz-css-1sisb4 brz-css-1l6cvp4 brz-wrapper\">\n<div class=\"brz-spacer brz-css-11qf3mi brz-css-aa1wb4\"><\/div>\n<\/div>\n<div id=\"\" class=\"brz-css-19pajo7 brz-css-bpmltz brz-wrapper\">\n<div class=\"brz-icon-text brz-css-1c6zpk0 brz-css-i1j06a\" data-brz-custom-id=\"sxyHrD2uTcvt\">\n<div class=\"brz-icon__container\" data-brz-custom-id=\"xLKfp2Mt5jSW\"><span class=\"brz-icon brz-span brz-css-1glkxz0 brz-css-15c6lll\"><svg class=\"brz-icon-svg align-[initial]\"><use href=\"\/wp-content\/plugins\/brizy\/public\/editor-build\/prod\/editor\/icons\/glyph\/calendar-grid-58.svg#nc_icon\"><\/use><\/svg><\/span><\/div>\n<div class=\"brz-text-btn\">\n<div class=\"brz-rich-text brz-rich-text__custom brz-css-v9gl4k brz-css-1gu083g\" data-brz-custom-id=\"jTbFEw6lc_J6\">\n<div data-brz-translate-text=\"1\">\n<p class=\"brz-lh-lg-1_4 brz-ls-lg-0 brz-fw-lg-500 brz-fss-lg-px brz-fs-lg-18 brz-ft-google brz-ff-dm_sans brz-tp-lg-empty brz-css-fo4dI\" data-uniq-id=\"wUdA6\" data-generated-css=\"brz-css-aHHfl\">Kursbeginn: 23.04.2025<\/p>\n<p class=\"brz-lh-lg-1_4 brz-ls-lg-0 brz-fw-lg-500 brz-fss-lg-px brz-fs-lg-18 brz-ft-google brz-ff-dm_sans brz-tp-lg-empty brz-css-s3WtE\" data-uniq-id=\"wUdA6\" data-generated-css=\"brz-css-aHHfl\">17:30 Uhr &#8211; 18:45 Uhr<\/p>\n<\/div>\n<\/div>\n<\/div>\n<\/div>\n<\/div>\n<div id=\"\" class=\"brz-css-19pajo7 brz-css-z4a4ob brz-wrapper\">\n<div class=\"brz-icon-text brz-css-1c6zpk0 brz-css-3sloph\" data-brz-custom-id=\"sbqCt7D0GZOs\">\n<div class=\"brz-icon__container\" data-brz-custom-id=\"jOQTatplYD1T\"><span class=\"brz-icon brz-span brz-css-1glkxz0 brz-css-sasbpn\"><svg class=\"brz-icon-svg align-[initial]\"><use href=\"\/wp-content\/plugins\/brizy\/public\/editor-build\/prod\/editor\/icons\/glyph\/round-euro.svg#nc_icon\"><\/use><\/svg><\/span><\/div>\n<div class=\"brz-text-btn\">\n<div class=\"brz-rich-text brz-rich-text__custom brz-css-v9gl4k brz-css-17bfmra\" data-brz-custom-id=\"dqSN72Ag5l2R\">\n<div data-brz-translate-text=\"1\">\n<p class=\"brz-lh-lg-1_4 brz-ls-lg-0 brz-fw-lg-500 brz-fss-lg-px brz-fs-lg-18 brz-ft-google brz-ff-dm_sans brz-tp-lg-empty brz-css-hZ5z5\" data-uniq-id=\"yKmh4\" data-generated-css=\"brz-css-fFLO4\">8 Einheiten, immer mittwochs<\/p>\n<p class=\"brz-lh-lg-1_4 brz-ls-lg-0 brz-fw-lg-500 brz-fss-lg-px brz-fs-lg-18 brz-ft-google brz-ff-dm_sans brz-tp-lg-empty brz-css-fzHdo\" data-uniq-id=\"yKmh4\" data-generated-css=\"brz-css-fFLO4\">Kosten: 150,00\u20ac<\/p>\n<\/div>\n<\/div>\n<\/div>\n<\/div>\n<\/div>\n<div id=\"\" class=\"brz-css-19pajo7 brz-css-1sisb4 brz-css-1v7olum brz-wrapper\">\n<div class=\"brz-spacer brz-css-11qf3mi brz-css-wnzptd\"><\/div>\n<\/div>\n<div class=\"brz-wrapper-clone brz-flex-xs-wrap brz-css-1ej42gw brz-css-jtpf4\" data-brz-custom-id=\"e3YsTPLSdS6f\"><a class=\"brz-a brz-btn brz-css-162zc4j brz-css-tnjkdx brz-css-1w2c8gb brz-css-kyvw5s\" href=\"https:\/\/www.feel-haldensleben.de\/index.php\/kontakt\/\" target=\"_self\" rel=\"noopener\" data-brz-link-type=\"page\" data-brz-custom-id=\"rkbjpYxDNaxE\"><span data-brz-translate-text=\"1\" class=\"brz-span brz-text__editor\">Termin vereinbaren<\/span><\/a><\/div>\n<\/div>\n<\/div>\n<div class=\"brz-columns brz-css-1ktumjr brz-css-sb0lt7\" data-brz-custom-id=\"vCs8kLfAQToR\">\n<div class=\"brz-column__items brz-css-1kojtft brz-css-w643rs\">\n<div id=\"\" class=\"brz-css-19pajo7 brz-css-v4ssex brz-wrapper\">\n<div class=\"brz-image brz-css-pe4o3c brz-css-1xne01t\" data-brz-custom-id=\"gNoOs1v9fCIj\"><picture class=\"brz-picture brz-d-block brz-p-relative brz-css-1k2qg3q brz-css-jep8vz\"><source srcset=\"https:\/\/www.feel-haldensleben.de\/wp-content\/uploads\/2025\/03\/013C272C-0A7F-41C1-BC96-AF20F07F9E76-scaled.jpeg 1x, https:\/\/www.feel-haldensleben.de\/wp-content\/uploads\/2025\/03\/013C272C-0A7F-41C1-BC96-AF20F07F9E76-scaled.jpeg 2x\" media=\"(min-width: 992px)\"><source srcset=\"https:\/\/www.feel-haldensleben.de\/wp-content\/uploads\/2025\/03\/013C272C-0A7F-41C1-BC96-AF20F07F9E76-scaled.jpeg 1x, https:\/\/www.feel-haldensleben.de\/wp-content\/uploads\/2025\/03\/013C272C-0A7F-41C1-BC96-AF20F07F9E76-scaled.jpeg 2x\" media=\"(min-width: 768px)\"><img decoding=\"async\" class=\"brz-img\" srcset=\"https:\/\/www.feel-haldensleben.de\/wp-content\/uploads\/2025\/03\/013C272C-0A7F-41C1-BC96-AF20F07F9E76-scaled.jpeg 1x, https:\/\/www.feel-haldensleben.de\/wp-content\/uploads\/2025\/03\/013C272C-0A7F-41C1-BC96-AF20F07F9E76-scaled.jpeg 2x\" src=\"https:\/\/www.feel-haldensleben.de\/wp-content\/uploads\/2025\/03\/013C272C-0A7F-41C1-BC96-AF20F07F9E76-scaled.jpeg\" alt=\"\" title=\"013C272C-0A7F-41C1-BC96-AF20F07F9E76\" draggable=\"false\" loading=\"lazy\"><\/picture><\/div>\n<\/div>\n<\/div>\n<\/div>\n<\/div>\n<\/div>\n<\/div>\n<\/div>\n<\/section>\n<section id=\"afe8910e10c9ccd29357_bWDQy6tpcebJ\" class=\"brz-section brz-css-1e3nzj9 brz-css-ft5y6j\">\n<div class=\"brz-section__content brz-section--boxed brz-css-3dz9au brz-css-e0r96f\" data-brz-custom-id=\"zuDTMglpJiw1\">\n<div class=\"brz-container brz-css-1mkrkfr brz-css-1tqobi7\">\n<div class=\"brz-row__container brz-css-75bxib brz-css-y0xqqz\" data-brz-custom-id=\"lw71T310J_qH\">\n<div class=\"brz-row brz-css-6ynyu9 brz-css-10a2j6a brz-css-1865hpj\">\n<div class=\"brz-columns brz-css-nehemi brz-css-txdchx\" data-brz-custom-id=\"dHHC1U7kZGYM\">\n<div class=\"brz-column__items brz-css-1jgis7l brz-css-940ke2\"><\/div>\n<\/div>\n<\/div>\n<\/div>\n<\/div>\n<\/div>\n<\/section>\n<section id=\"7f6f1f5291bf37fe9dba_wvCIS3wxJ9jf\" class=\"brz-section brz-css-vhnr2c brz-css-1ql67nd\">\n<div class=\"brz-section__content brz-section--boxed brz-css-1re8784 brz-css-imbsyy\" data-brz-custom-id=\"neDi9fvP_jjY\">\n<div class=\"brz-bg\">\n<div class=\"brz-bg-color\"><\/div>\n<\/div>\n<div class=\"brz-container brz-css-e29mzl brz-css-1m6g9z4\">\n<div class=\"brz-wrapper-clone brz-flex-xs-wrap brz-css-i6zogk brz-css-18yjdz5\" data-brz-custom-id=\"wSKvYzLQpbTh\">\n<div class=\"brz-icon__container\" data-brz-custom-id=\"mwz4f0J1sWv_\"><a class=\"brz-a\" href=\"https:\/\/www.facebook.com\/share\/1EMsff5bXC\/?mibextid=wwXIfr\" target=\"_self\" rel=\"noopener\" data-brz-link-type=\"external\"><span class=\"brz-icon brz-span brz-css-1jiulv3 brz-css-1js6qan\"><svg class=\"brz-icon-svg align-[initial]\"><use href=\"\/wp-content\/plugins\/brizy\/public\/editor-build\/prod\/editor\/icons\/glyph\/logo-facebook.svg#nc_icon\"><\/use><\/svg><\/span><\/a><\/div>\n<div class=\"brz-icon__container\" data-brz-custom-id=\"j2PAy8rjMfCb\"><a class=\"brz-a\" href=\"https:\/\/www.instagram.com\/feel.haldensleben?igsh=ejMzaGVlZ3p6azF5\" target=\"_self\" rel=\"noopener\" data-brz-link-type=\"external\"><span class=\"brz-icon brz-span brz-css-1jiulv3 brz-css-1q6udna\"><svg class=\"brz-icon-svg align-[initial]\"><use href=\"\/wp-content\/plugins\/brizy\/public\/editor-build\/prod\/editor\/icons\/glyph\/logo-instagram.svg#nc_icon\"><\/use><\/svg><\/span><\/a><\/div>\n<\/div>\n<\/div>\n<\/div>\n<\/section><\/div>\n<p><!-- version:1755863674 --><\/p>\n","protected":false},"excerpt":{"rendered":"<p>Startseite Leistungen Kontakt Kurse Gutscheine Startseite Leistungen Kontakt Kurse Gutscheine Kurse Feel Strong Beckenbodenkurs &#8211; Endecke die Kraft deiner K\u00f6rpermitte! In diesem Kurs k\u00fcmmern wir uns um Muskeln, die w\u00e4hrend der Schwangerschaft und Geburt \u00dcberw\u00e4ltigendes geleistet haben. Der Beckenboden, eingebettet in Bauch- &amp; R\u00fcckenmuskeln, geh\u00f6rt zur zentralen \u00dcbungseinheit. Sanfte Bewegungen, kombiniert mit Kr\u00e4ftigungs- &amp; Atem\u00fcbungen, [&hellip;]<\/p>\n","protected":false},"author":1,"featured_media":0,"parent":0,"menu_order":0,"comment_status":"closed","ping_status":"closed","template":"brizy-blank-template.php","meta":{"footnotes":""},"class_list":["post-273","page","type-page","status-publish","hentry"],"_links":{"self":[{"href":"https:\/\/www.feel-haldensleben.de\/index.php\/wp-json\/wp\/v2\/pages\/273","targetHints":{"allow":["GET"]}}],"collection":[{"href":"https:\/\/www.feel-haldensleben.de\/index.php\/wp-json\/wp\/v2\/pages"}],"about":[{"href":"https:\/\/www.feel-haldensleben.de\/index.php\/wp-json\/wp\/v2\/types\/page"}],"author":[{"embeddable":true,"href":"https:\/\/www.feel-haldensleben.de\/index.php\/wp-json\/wp\/v2\/users\/1"}],"replies":[{"embeddable":true,"href":"https:\/\/www.feel-haldensleben.de\/index.php\/wp-json\/wp\/v2\/comments?post=273"}],"version-history":[{"count":11,"href":"https:\/\/www.feel-haldensleben.de\/index.php\/wp-json\/wp\/v2\/pages\/273\/revisions"}],"predecessor-version":[{"id":381,"href":"https:\/\/www.feel-haldensleben.de\/index.php\/wp-json\/wp\/v2\/pages\/273\/revisions\/381"}],"wp:attachment":[{"href":"https:\/\/www.feel-haldensleben.de\/index.php\/wp-json\/wp\/v2\/media?parent=273"}],"curies":[{"name":"wp","href":"https:\/\/api.w.org\/{rel}","templated":true}]}}